{"id":3280,"date":"2024-01-24T04:31:38","date_gmt":"2024-01-24T03:31:38","guid":{"rendered":"https:\/\/turismo.concellodegondomar.gal\/politica-de-privacidad\/"},"modified":"2024-01-26T20:12:18","modified_gmt":"2024-01-26T19:12:18","slug":"politica-de-privacidad","status":"publish","type":"page","link":"https:\/\/turismo.concellodegondomar.gal\/es\/politica-de-privacidad\/","title":{"rendered":"Pol\u00edtica de privacidad"},"content":{"rendered":"\n<p><strong>\u00bfCon qu\u00e9 finalidad trataremos tus datos personales?<\/strong><\/p>\n\n<p>Sus datos personales recogidos en el formulario de contacto se utilizar\u00e1n exclusivamente para responder a sus solicitudes de informaci\u00f3n o, en su caso, presupuestos solicitados.<\/p>\n\n<p><strong>\u00bfCu\u00e1nto tiempo conservaremos tus datos personales?<\/strong><\/p>\n\n<p>Se conservar\u00e1n mientras exista un inter\u00e9s mutuo para mantener la finalidad del tratamiento y cuando ya no sea necesario para tal fin, con excepci\u00f3n de la obligaci\u00f3n legal de conservaci\u00f3n. Se suprimir\u00e1n con las medidas de seguridad adecuadas, para garantizar la seudonimizaci\u00f3n de los datos o su total destrucci\u00f3n.<\/p>\n\n<p><strong>\u00bfCu\u00e1l es la base legal para el tratamiento de sus datos personales?<\/strong><\/p>\n\n<p>La base legal para el tratamiento de sus datos personales es su consentimiento en la ejecuci\u00f3n de la relaci\u00f3n contractual o precontractual establecida, o su manifiesto al enviarnos su consulta o petici\u00f3n y el cumplimiento de las obligaciones legales aplicables al Ayuntamiento de Gondomar, derivadas del Legislaci\u00f3n mercantil y fiscal, inter\u00e9s leg\u00edtimo.<\/p>\n\n<p><strong>\u00bfCompartiremos sus datos personales?<\/strong><\/p>\n\n<p>No est\u00e1 previsto transferir sus datos personales, salvo obligaci\u00f3n legal, ni realizar transferencias internacionales con los mismos.<\/p>\n\n<p><strong>\u00bfQu\u00e9 derechos tienes cuando nos facilitas tus datos personales?<\/strong><\/p>\n\n<p>Los indicados en el \u00faltimo punto de este apartado.<\/p>\n\n<p><strong>CORREO ELECTR\u00d3NICO<\/strong><\/p>\n\n<p><strong>Informaci\u00f3n ampliada sobre<br\/>protecci\u00f3n de datos para usuarios de correo electr\u00f3nico<\/strong><\/p>\n\n<p><strong>\u00bfQui\u00e9n es el responsable del tratamiento de sus datos personales?<\/strong><\/p>\n\n<p><strong>Denominaci\u00f3n social:<\/strong> Municipio de Gondomar<\/p>\n\n<p><strong>CIF:<\/strong> P3602100D<\/p>\n\n<p><strong>Direcci\u00f3n postal:<\/strong> Plaza Dr. Latino Salgueiro, 1, 36380 Gondomar (Pontevedra)<\/p>\n\n<p><strong>Tel\u00e9fono:<\/strong> 986360125<\/p>\n\n<p><strong>Correo electr\u00f3nico de contacto<\/strong> : <a href=\"mailto:rexistroxeral@concellodegondomar.gal\">registroxeral@concellodegondomar.gal<\/a><\/p>\n\n<p> <strong>\u00bfCon qu\u00e9 finalidad trataremos tus datos personales?<\/strong><\/p>\n\n<p>Cuando nos env\u00edas un correo electr\u00f3nico, nos facilitas datos personales incluido el propio correo electr\u00f3nico para solicitar nuestros servicios o informaci\u00f3n, por lo que aquellos datos personales recogidos en este proceso ser\u00e1n utilizados con la finalidad de atender tu solicitud o la prestaci\u00f3n de servicios municipales y la gesti\u00f3n de las comunicaciones en las diferentes \u00e1reas de trabajo del Ayuntamiento de Gondomar.<\/p>\n\n<p><strong>\u00bfCu\u00e1nto tiempo conservaremos tus datos personales?<\/strong><\/p>\n\n<p>Sus datos personales se conservar\u00e1n durante el tiempo necesario para cumplir con la finalidad para la que fueron recabados, para determinar las posibles responsabilidades derivadas del tratamiento de los datos. Ser\u00e1n de aplicaci\u00f3n lo dispuesto en la normativa sobre archivos y documentaci\u00f3n<\/p>\n\n<p> <strong>\u00bfCu\u00e1l es la base legal para el tratamiento de sus datos personales?<\/strong><\/p>\n\n<p>La base legal para el tratamiento de sus datos personales es seg\u00fan el RGPD: Art. 6.1.e) Tratamiento necesario para el cumplimiento de una misi\u00f3n realizada en inter\u00e9s p\u00fablico o en el ejercicio de poderes p\u00fablicos conferidos al responsable del tratamiento, art. 6.1.b) Tratamiento necesario para la ejecuci\u00f3n de un contrato en el que el interesado es parte o para la aplicaci\u00f3n a petici\u00f3n de \u00e9ste de medidas precontractuales, art. 6.1.c) Tratamiento necesario para el cumplimiento de una obligaci\u00f3n legal aplicable al responsable del tratamiento, o a petici\u00f3n del interesado al enviarnos el correo electr\u00f3nico.  <\/p>\n\n<p><strong>\u00bfCompartiremos sus datos personales?<\/strong><\/p>\n\n<p>Los datos personales no se ceder\u00e1n salvo obligaci\u00f3n legal.<\/p>\n\n<p>Asumimos el compromiso de confidencialidad y deber de secreto para aquella informaci\u00f3n que, no siendo datos personales, suponga conocimiento de la organizaci\u00f3n.<\/p>\n\n<p><strong>\u00bfQu\u00e9 derechos tienes cuando nos facilitas tus datos personales?<\/strong><\/p>\n\n<p>Los indicados en el \u00faltimo punto de este apartado.<\/p>\n\n<p><strong>REDES SOCIALES<\/strong><\/p>\n\n<p><strong>Informaci\u00f3n ampliada sobre<br\/>protecci\u00f3n de datos para usuarios de redes sociales  <\/strong><\/p>\n\n<p>  <strong>\u00bfQui\u00e9n es el responsable del tratamiento de sus datos personales?<\/strong><\/p>\n\n<p><strong>Denominaci\u00f3n social:<\/strong> Municipio de Gondomar<\/p>\n\n<p><strong>CIF:<\/strong> P3602100D<\/p>\n\n<p><strong>Direcci\u00f3n postal:<\/strong> Plaza Dr. Latino Salgueiro, 1, 36380 Gondomar (Pontevedra)<\/p>\n\n<p><strong>Tel\u00e9fono:<\/strong> 986360125<\/p>\n\n<p><strong>Correo electr\u00f3nico de contacto<\/strong> : <a href=\"mailto:rexistroxeral@concellodegondomar.gal\">registroxeral@concellodegondomar.gal<\/a><\/p>\n\n<p> <strong>\u00bfCon qu\u00e9 finalidad trataremos tus datos personales?<\/strong><\/p>\n\n<p>Sus datos personales ser\u00e1n tratados para gestionar el listado de personas que les gusta nuestra p\u00e1gina de Twitter y\/o Facebook, y as\u00ed poder recibir informaci\u00f3n relacionada con nuestro sector de actividad, eventos relacionados, actividades y promociones de nuestra organizaci\u00f3n, informaci\u00f3n sectorial de inter\u00e9s. etc. y poder interactuar en dicha red social a trav\u00e9s de mensajes directos<\/p>\n\n<p><strong>\u00bfCu\u00e1nto tiempo conservaremos tus datos personales?<\/strong><\/p>\n\n<p>Los datos proporcionados en la correspondiente red social seguir\u00e1n siendo accesibles para nosotros mientras mantengas activo el bot\u00f3n \u201cseguir\u201d y siempre que quieras dejar de seguirnos simplemente tendr\u00e1s que \u201cpulsar\u201d en el bot\u00f3n \u201cdejar de seguir\u201d en Twitter, Facebook .<\/p>\n\n<p><strong>\u00bfCu\u00e1l es la base legal para el tratamiento de sus datos personales?<\/strong><\/p>\n\n<p>Las comunicaciones a trav\u00e9s de redes sociales est\u00e1n en todo caso sujetas al consentimiento del interesado y son enteramente voluntarias, quedando dicha relaci\u00f3n sujeta a las condiciones establecidas en las pol\u00edticas de privacidad y protecci\u00f3n de datos de cada red social.  <strong>(Twitter Facebook)<\/strong><\/p>\n\n<p><br\/> <strong>\u00bfCompartiremos sus datos personales?<\/strong><\/p>\n\n<p>Los datos que subas en redes sociales, a terceros a trav\u00e9s de la exhibici\u00f3n p\u00fablica de las citadas fotograf\u00edas en redes sociales, medios digitales, canales de distribuci\u00f3n de publicidad o marketing en Internet o su difusi\u00f3n en la p\u00e1gina Web.  <\/p>\n\n<p> <strong>\u00bfQu\u00e9 derechos tienes cuando nos facilitas tus datos personales?<\/strong><\/p>\n\n<p>Los indicados en el \u00faltimo punto de este apartado.<\/p>\n\n<p><strong>DERECHOS DE LOS INTERESADOS<\/strong><\/p>\n\n<p><strong>DERECHO DE ACCESO<\/strong><\/p>\n\n<p>El interesado tendr\u00e1 derecho a obtener del responsable del tratamiento confirmaci\u00f3n de si se est\u00e1n tratando o no los datos personales que le conciernen, en tal caso, derecho de acceso al mismo art. 15 del RGPD.<\/p>\n\n<p><strong>DERECHO DE RECTIFICACI\u00d3N<\/strong><\/p>\n\n<p>El interesado tendr\u00e1 derecho a obtener sin dilaci\u00f3n indebida del responsable del tratamiento la rectificaci\u00f3n de los datos personales inexactos que le conciernen. Teniendo en cuenta las finalidades del tratamiento, el interesado tendr\u00e1 derecho a completar los datos personales que resulten incompletos, incluso mediante una declaraci\u00f3n adicional.<\/p>\n\n<p><strong>DERECHO DE SUPRESI\u00d3N<\/strong><\/p>\n\n<p>El interesado tendr\u00e1 derecho a obtener sin dilaci\u00f3n indebida del responsable del tratamiento la supresi\u00f3n de los datos personales que le conciernen, quien estar\u00e1 obligado a suprimir los datos personales sin dilaci\u00f3n indebida, en determinados supuestos que se analizar\u00e1n a continuaci\u00f3n. Arte. 17 del RGPD.<\/p>\n\n<p>Tienes derecho a solicitar la <strong>supresi\u00f3n<\/strong> de tus datos cuando, entre otros motivos:<\/p>\n\n<ul class=\"wp-block-list\">\n<li>Tus datos ya no son necesarios para los fines para los que fueron recogidos<\/li>\n\n\n\n<li>Retirar su consentimiento al tratamiento.<\/li>\n\n\n\n<li>Si usted se opone al tratamiento y no prevalecen otros motivos leg\u00edtimos<\/li>\n\n\n\n<li>Tus datos habr\u00edan sido tratados il\u00edcitamente<\/li>\n<\/ul>\n\n<p>Tus datos deber\u00e1n ser suprimidos por obligaci\u00f3n legal.<\/p>\n\n<p><strong>DERECHO A LA LIMITACI\u00d3N DEL TRATAMIENTO<\/strong><\/p>\n\n<p>En determinadas circunstancias, los interesados \u200b\u200bpodr\u00e1n solicitar la <strong>limitaci\u00f3n<\/strong> del tratamiento de sus datos, en cuyo caso \u00fanicamente los conservaremos para el ejercicio o la defensa de reclamaciones, la protecci\u00f3n de terceros o por motivos de inter\u00e9s p\u00fablico importante.<\/p>\n\n<p>El derecho a la limitaci\u00f3n de los datos personales establece el derecho a que los datos se marquen de forma que se impida su tratamiento futuro por parte del responsable.<\/p>\n\n<p><strong>DERECHO A LA PORTABILIDAD DE DATOS<\/strong><\/p>\n\n<p>Cuando el tratamiento de tus datos est\u00e9 basado en el consentimiento o sea necesario para la ejecuci\u00f3n de un contrato o precontrato y se realice por medios automatizados, podr\u00e1s tener derecho a <strong>la portabilidad.<\/strong>  de sus datos, es decir, el interesado, en determinados casos, puede tener derecho a recibir los datos personales que le conciernen, que haya facilitado al responsable del tratamiento, en un formato estructurado, de uso com\u00fan y lectura mec\u00e1nica, y transmitirlos a otro responsable del tratamiento sin que se lo impida el responsable a quien hab\u00edan sido proporcionados.<\/p>\n\n<p><strong>DERECHO DE OPOSICI\u00d3N<\/strong><\/p>\n\n<p>El interesado tendr\u00e1 derecho a oponerse en cualquier momento, por motivos relacionados con su situaci\u00f3n particular, a que los datos personales que le conciernen sean objeto de tratamiento en base a lo dispuesto en el RGPD, en el art\u00edculo 6, apartado 1, letras e) (inter\u00e9s p\u00fablico) o f) (inter\u00e9s leg\u00edtimo), incluida la elaboraci\u00f3n de perfiles sobre la base de dichas disposiciones.<\/p>\n\n<p><strong>\u00bfQui\u00e9n puede ejercer los derechos?<\/strong><\/p>\n\n<p>Los derechos de los interesados \u200b\u200bsiguen siendo personal\u00edsimos, por lo que ser\u00e1n ejercitados por el titular de los datos acreditando debidamente su identidad (para ello se le solicitar\u00e1 su DNI o equivalente), no obstante, tambi\u00e9n podr\u00e1n ejercitarse a trav\u00e9s de su representante legal, ya sea por su discapacidad o menor edad que le imposibilite el ejercicio personal de estos derechos, en cuyo caso ser\u00e1 necesario que acredite esta condici\u00f3n.<\/p>\n\n<p>Tambi\u00e9n podr\u00e1 realizarse mediante representaci\u00f3n voluntaria a trav\u00e9s de un representante expresamente designado para el ejercicio del derecho. En tal caso, deber\u00e1 acreditarse claramente la identidad del representado, aportando copia de su Documento Nacional de Identidad o documento equivalente, y la representaci\u00f3n que \u00e9ste confiere.<\/p>\n\n<p><strong>\u00bfC\u00f3mo puedes ejercer tus derechos?<\/strong><\/p>\n\n<p>El ejercicio de los derechos deber\u00e1 realizarse mediante comunicaci\u00f3n dirigida al responsable del tratamiento, que contendr\u00e1: Nombre y apellidos del interesado, Fotocopia de su documento nacional de identidad, pasaporte u otro documento v\u00e1lido que le identifique. , o en su caso, de la persona que le represente. La utilizaci\u00f3n de firma de identificaci\u00f3n electr\u00f3nica del afectado o interesado eximir\u00e1 de la presentaci\u00f3n de fotocopia del DNI o documento equivalente.<\/p>\n\n<p>Si el interesado solicita cualquiera de sus derechos electr\u00f3nicamente, se le contestar\u00e1 por ese mismo medio, salvo que el interesado especifique otro medio:<\/p>\n\n<ul class=\"wp-block-list\">\n<li>Petici\u00f3n especificando la solicitud.<\/li>\n\n\n\n<li>Domicilio a efectos de notificaciones, fecha y firma del solicitante.<\/li>\n\n\n\n<li>Documentos acreditativos de la solicitud que realiza, en su caso.<\/li>\n<\/ul>\n\n<p>Cualquier interesado podr\u00e1 presentar una <strong>reclamaci\u00f3n.<\/strong>  ante la Autoridad de Control competente en materia de Protecci\u00f3n de Datos, especialmente cuando no haya obtenido satisfacci\u00f3n en el ejercicio de sus derechos y la forma de contactar ser\u00eda enviando un escrito a la Agencia Espa\u00f1ola de Protecci\u00f3n de Datos Personales en C\/Jorge Juan n.\u00ba6, 28001 Madrid o a trav\u00e9s de su sede electr\u00f3nica en www.agpd.es.<\/p>\n\n<p>Los formularios de solicitud para el ejercicio de sus derechos pueden solicitarse por escrito a la direcci\u00f3n del responsable e incluso pueden obtenerse en la sede electr\u00f3nica de la Autoridad de Control en www.agpd.es y deben enviarse a la direcci\u00f3n postal o electr\u00f3nica. Direcci\u00f3n del responsable.<\/p>\n\n<p><strong>\u00bfCu\u00e1les son nuestras obligaciones?<\/strong><\/p>\n\n<p>El responsable del tratamiento deber\u00e1 dar respuesta a la solicitud que se le dirija en cualquier caso, con independencia de que conste en los datos personales del afectado o interesado en sus tratamientos.<\/p>\n\n<p>En el caso de que la solicitud no cumpla con los requisitos especificados, el responsable del fichero deber\u00e1 solicitar su subsanaci\u00f3n.<\/p>\n\n<p>La prueba del cumplimiento del deber de respuesta ser\u00e1 responsabilidad del responsable del tratamiento, quien deber\u00e1 conservar la acreditaci\u00f3n del cumplimiento del citado deber.<\/p>\n\n<p>La respuesta se har\u00e1 efectiva como tarde en el plazo legalmente establecido, si bien siempre que el volumen de trabajo lo permita se intentar\u00e1 preparar y entregar la informaci\u00f3n en un menor tiempo.<\/p>\n\n<p>Se recuerda que los plazos reglamentarios de respuesta son: 30 d\u00edas.<\/p>\n\n<p>Pr\u00f3rroga de hasta dos meses m\u00e1s, en casos excepcionalmente complejos y debidamente justificados e informados al interesado.<\/p>\n\n<h3 class=\"wp-block-heading\"><strong>Informaci\u00f3n ampliada sobre Pol\u00edticas de Privacidad \u2013 <a href=\"https:\/\/concellodegondomar.gal\/wp-content\/uploads\/2022\/01\/POLITICAS_DE_PRIVACIDAD_2020.pdf\">PINCHA AQU\u00cd<\/a> para obtener informaci\u00f3n ampliada sobre nuestras pol\u00edticas de privacidad a la hora de recoger tus datos en diversos formularios del Ayuntamiento.<\/strong><\/h3>\n","protected":false},"excerpt":{"rendered":"<p>\u00bfCon qu\u00e9 finalidad trataremos tus datos personales? Sus datos personales recogidos en el formulario de contacto se utilizar\u00e1n exclusivamente para responder a sus solicitudes de informaci\u00f3n o, en su caso, presupuestos solicitados. \u00bfCu\u00e1nto tiempo conservaremos tus datos personales? Se conservar\u00e1n mientras exista un inter\u00e9s mutuo para mantener la finalidad del tratamiento y cuando ya no [&hellip;]<\/p>\n","protected":false},"author":1,"featured_media":0,"parent":0,"menu_order":0,"comment_status":"closed","ping_status":"closed","template":"","meta":{"footnotes":""},"class_list":["post-3280","page","type-page","status-publish","hentry"],"_links":{"self":[{"href":"https:\/\/turismo.concellodegondomar.gal\/es\/wp-json\/wp\/v2\/pages\/3280","targetHints":{"allow":["GET"]}}],"collection":[{"href":"https:\/\/turismo.concellodegondomar.gal\/es\/wp-json\/wp\/v2\/pages"}],"about":[{"href":"https:\/\/turismo.concellodegondomar.gal\/es\/wp-json\/wp\/v2\/types\/page"}],"author":[{"embeddable":true,"href":"https:\/\/turismo.concellodegondomar.gal\/es\/wp-json\/wp\/v2\/users\/1"}],"replies":[{"embeddable":true,"href":"https:\/\/turismo.concellodegondomar.gal\/es\/wp-json\/wp\/v2\/comments?post=3280"}],"version-history":[{"count":0,"href":"https:\/\/turismo.concellodegondomar.gal\/es\/wp-json\/wp\/v2\/pages\/3280\/revisions"}],"wp:attachment":[{"href":"https:\/\/turismo.concellodegondomar.gal\/es\/wp-json\/wp\/v2\/media?parent=3280"}],"curies":[{"name":"wp","href":"https:\/\/api.w.org\/{rel}","templated":true}]}}