{"id":3270,"date":"2021-09-04T10:54:07","date_gmt":"2021-09-04T08:54:07","guid":{"rendered":"https:\/\/turismo.concellodegondomar.gal\/aviso-legal\/"},"modified":"2024-01-26T20:10:01","modified_gmt":"2024-01-26T19:10:01","slug":"aviso-legal","status":"publish","type":"page","link":"https:\/\/turismo.concellodegondomar.gal\/es\/aviso-legal\/","title":{"rendered":"Aviso Legal"},"content":{"rendered":"\n<ol class=\"wp-block-list\">\n<li><strong>Informaci\u00f3n legal<\/strong><\/li>\n<\/ol>\n\n<p>En cumplimiento del deber de informaci\u00f3n establecido en el art\u00edculo 10 de la Ley 34\/2002, de Servicios de la Sociedad de la Informaci\u00f3n y de Comercio Electr\u00f3nico, le informamos que el titular del sitio web <a href=\"http:\/\/www.tui.gal\/\">www.concellodegondomar.gal<\/a> es el Ayuntamiento de Gondomar.<\/p>\n\n<p><br\/>Los datos identificativos y de contacto de los titulares del sitio web <a href=\"http:\/\/www.tui.gal\/\">www.concellodegondomar.gal<\/a> son los siguientes:<\/p>\n\n<p> <br\/><strong>Denominaci\u00f3n social:<\/strong> Municipio de Gondomar<\/p>\n\n<p><strong>CIF:<\/strong> P3602100D<\/p>\n\n<p><strong>Direcci\u00f3n postal:<\/strong> Plaza Dr. Latino Salgueiro, 1, 36380 Gondomar (Pontevedra)<\/p>\n\n<p><strong>Tel\u00e9fono:<\/strong> 986360125<\/p>\n\n<p><strong>Correo electr\u00f3nico de contacto<\/strong> : <a href=\"mailto:rexistroxeral@concellodegondomar.gal\">registroxeral@concellodegondomar.gal<\/a><\/p>\n\n<ol class=\"wp-block-list\" start=\"2\">\n<li><strong>  Objeto y \u00e1mbito de aplicaci\u00f3n.<\/strong><\/li>\n<\/ol>\n\n<p><br\/>2.1.- Este Aviso Legal establece las condiciones generales de uso que regulan el acceso, navegaci\u00f3n y uso del sitio web: www.concellodegondomar.gal, (en adelante, el Sitio Web), as\u00ed como las responsabilidades derivadas del uso de sus contenidos. Adicionalmente, la prestaci\u00f3n de determinados servicios o actividades en el marco del Sitio Web tambi\u00e9n podr\u00e1 estar sujeta a otras condiciones particulares que puedan establecerse y que, en su caso, sustituyen, complementan y\/o modifican las condiciones generales de uso de este Aviso Legal.  <\/p>\n\n<p><br\/>2.2.- Este Sitio Web es un servicio que Ayuntamiento de Gondomar pone a disposici\u00f3n de los usuarios de Internet con car\u00e1cter informativo, pudiendo realizar en cualquier momento y sin previo aviso las modificaciones que considere oportunas en su dise\u00f1o, configuraci\u00f3n y contenidos.<\/p>\n\n<p><br\/>2.3.- El acceso y uso de este Sitio Web atribuye al visitante la condici\u00f3n de USUARIO e implica su aceptaci\u00f3n plena y sin reservas, desde dicho acceso y\/o uso, de todas y cada una de las condiciones de uso que incluye el Ayuntamiento de Gondomar. en este Aviso Legal, en la versi\u00f3n publicada en el momento en que acceda al mismo. En este sentido se entender\u00e1 por USUARIO la persona que accede, navega, utiliza o participa en los servicios y actividades desarrolladas en el Sitio Web.<\/p>\n\n<p><br\/>2.4.- El USUARIO se compromete a hacer un uso correcto del Sitio Web, de conformidad con las leyes aplicables, la buena fe, el orden p\u00fablico, los usos del tr\u00e1fico y el presente Aviso Legal, respondiendo frente al Ayuntamiento de Gondomar y frente a terceros de cualesquiera da\u00f1os y perjuicios que pudieran ocasionarse. causado como consecuencia del incumplimiento de dicha obligaci\u00f3n.<\/p>\n\n<ol class=\"wp-block-list\" start=\"3\">\n<li><strong>Acceso y uso del Sitio Web<\/strong><\/li>\n<\/ol>\n\n<p><br\/>3.1.- El acceso a este Sitio Web es libre y gratuito, excepto el coste de conexi\u00f3n a la red de telecomunicaciones proporcionada por el operador contratado por cada USUARIO.<\/p>\n\n<p><br\/>3.2.- El USUARIO asume la responsabilidad del uso del Sitio Web. Por tanto, el USUARIO se compromete a utilizar los contenidos de forma diligente, responsable y l\u00edcita y, en particular, se compromete a no utilizarlos para, entre otros usos:<\/p>\n\n<ul class=\"wp-block-list\">\n<li>Utilizar identidades falsas o hacerse pasar por otros usuarios al utilizar el Sitio Web o sus servicios.<\/li>\n\n\n\n<li>Introducir en la red virus inform\u00e1ticos o realizar actuaciones susceptibles de alterar, estropear, interrumpir o generar errores o da\u00f1os en los documentos electr\u00f3nicos, datos o sistemas f\u00edsicos y l\u00f3gicos del Ayuntamiento de Gondomar o de terceras personas, as\u00ed como obstaculizar el acceso de otros usuarios a la red. Sitio Web y sus servicios mediante el consumo masivo de los recursos inform\u00e1ticos a trav\u00e9s de los cuales el Ayuntamiento de Gondomar presta sus servicios.<\/li>\n\n\n\n<li>Intentar acceder y, en su caso, utilizar las cuentas de correo electr\u00f3nico de otros usuarios.<br\/>Reproducir, copiar, distribuir, poner a disposici\u00f3n o de cualquier otra forma comunicar p\u00fablicamente, transformar o modificar los contenidos del Sitio Web, con fines comerciales, en cualquier soporte y por cualquier medio t\u00e9cnico, sin la previa y expresa autorizaci\u00f3n del titular del correspondiente derechos<br\/>Introducir o incorporar como actividad empresarial o profesional los contenidos y\/o servicios presentados en este Sitio Web.<\/li>\n\n\n\n<li>Infringir cualesquiera derechos de propiedad intelectual o industrial derivados de los contenidos del Sitio Web.<\/li>\n\n\n\n<li>Utilizar los contenidos y\/o informaci\u00f3n de cualquier tipo obtenidos a trav\u00e9s de este Sitio Web para realizar actividades publicitarias o promocionales, remitir publicidad de cualquier tipo y comunicaciones con fines de venta u otros fines comerciales, o para recopilar, comercializar o divulgar de cualquier forma dicha informaci\u00f3n.<\/li>\n\n\n\n<li>Utilizar este Sitio Web, o los contenidos y\/o servicios obtenidos del mismo, para la realizaci\u00f3n de actividades contrarias a la ley, la moral, las buenas costumbres o el orden p\u00fablico, con fines o efectos il\u00edcitos, prohibidos o lesivos de derechos e intereses de terceros.<\/li>\n<\/ul>\n\n<p><br\/>3.3.- Ayuntamiento de Gondomar se reserva el derecho a interrumpir en cualquier momento y sin previo aviso el acceso al Sitio Web, as\u00ed como a interrumpir la prestaci\u00f3n de cualquiera o todos los servicios prestados a trav\u00e9s del mismo, ya sea por razones t\u00e9cnicas, de seguridad, o por cualquier otra razon.<\/p>\n\n<ol class=\"wp-block-list\" start=\"4\">\n<li><strong>Protecci\u00f3n de datos personales<\/strong><\/li>\n<\/ol>\n\n<p><br\/>4.1.- Ayuntamiento de Gondomar se compromete a tratar los datos personales de forma respetuosa con los derechos de sus titulares, y de conformidad con la normativa de protecci\u00f3n de datos que est\u00e9 vigente en cada momento.<\/p>\n\n<p> <br\/>4.2.- En el apartado \u201cAvisos de privacidad\u201d del Sitio Web, la informaci\u00f3n legal o la pol\u00edtica de privacidad correspondiente a los diferentes tratamientos de datos que lleva a cabo Ayuntamiento de Gondomar en relaci\u00f3n con la gesti\u00f3n de datos de los usuarios de la web, seguidores en redes sociales o candidatos.  <\/p>\n\n<p><br\/>4.3.- En el caso de que el USUARIO cumplimente voluntariamente cualquiera de los formularios de recogida de datos online disponibles en el Sitio Web, para acceder a algunos de sus servicios o contenidos, se compromete a facilitar datos exactos y veraces, as\u00ed como a comunicarlos al Consejo de Gondomar cualquier modificaci\u00f3n de los mismos. Salvo que expresamente se indique lo contrario, los datos solicitados en nuestros formularios son necesarios para procesar su solicitud.<\/p>\n\n<p><br\/>En todo caso, el correspondiente formulario en l\u00ednea para la recogida de datos personales del USUARIO incluir\u00e1 un enlace al correspondiente aviso de privacidad que ser\u00e1 de aplicaci\u00f3n al tratamiento de los datos personales facilitados. Ser\u00e1 necesaria la aceptaci\u00f3n expresa por parte del USUARIO del correspondiente aviso de privacidad para la cumplimentaci\u00f3n del formulario y poder completar el proceso de env\u00edo. El contenido de dicha pol\u00edtica de privacidad podr\u00e1 ser objeto de modificaci\u00f3n para adaptarlo a los cambios legislativos que se puedan producir, as\u00ed como a criterios y posicionamientos emitidos por las Autoridades de Protecci\u00f3n de Datos competentes.  <\/p>\n\n<p><br\/>4.4.- Si un USUARIO facilita datos personales de otras personas f\u00edsicas, se compromete a cumplir, en relaci\u00f3n con dichos datos, las obligaciones derivadas de la normativa vigente en protecci\u00f3n de datos, y en particular el deber de informar y obtener el consentimiento de el titular de los datos personales.  <\/p>\n\n<p><br\/>4.5.- Los ni\u00f1os menores de 14 a\u00f1os no podr\u00e1n facilitar sus datos personales a trav\u00e9s del Sitio Web, siendo necesaria la previa autorizaci\u00f3n expresa de sus padres o tutores. En cualquier caso, este Sitio Web no est\u00e1 dirigido a menores de edad.<\/p>\n\n<ol class=\"wp-block-list\" start=\"5\">\n<li><strong>Propiedad intelectual e industrial<\/strong><\/li>\n<\/ol>\n\n<p><br\/>5.1.- Concello de Gondomar es titular o licenciatario de los derechos de explotaci\u00f3n de propiedad intelectual e industrial de este Sitio Web, as\u00ed como de los contenidos disponibles en el mismo.<\/p>\n\n<p><br\/>5.3.- En ning\u00fan caso se entender\u00e1 que el acceso y navegaci\u00f3n del USUARIO en el Sitio Web implica una renuncia, transmisi\u00f3n, licencia o cesi\u00f3n total ni parcial de dichos derechos por parte de Ayuntamiento de Gondomar, ni que confiere al USUARIO derecho alguno de uso, traducci\u00f3n, adaptaci\u00f3n, alteraci\u00f3n, explotaci\u00f3n, reproducci\u00f3n, distribuci\u00f3n o comunicaci\u00f3n p\u00fablica, con fines comerciales, de dichos contenidos, sin la previa y expresa autorizaci\u00f3n del Ayuntamiento de Gondomar o del titular de los derechos afectados. El incumplimiento de lo anterior facultar\u00e1 al Ayuntamiento de Gondomar o a los titulares de los derechos correspondientes a interponer las acciones legales pertinentes.<\/p>\n\n<p><br\/>5.4.- Queda prohibida la distribuci\u00f3n, modificaci\u00f3n, cesi\u00f3n o comunicaci\u00f3n p\u00fablica de los contenidos y cualquier otro acto que no haya sido autorizado expresamente por el titular de los derechos de explotaci\u00f3n.  <\/p>\n\n<ol class=\"wp-block-list\" start=\"6\">\n<li><strong>Exclusi\u00f3n de garant\u00edas y responsabilidad<\/strong><\/li>\n<\/ol>\n\n<p><br\/>6.1.- El contenido de este Sitio Web tiene como finalidad informativa y crear un canal de comunicaci\u00f3n con los USUARIOS, sin que pueda considerarse su contenido asesoramiento exhaustivo sobre ning\u00fan tema. Concello de Gondomar no garantiza plenamente el acceso a todos los contenidos, ni su exhaustividad, correcci\u00f3n, vigencia o actualidad, ni su idoneidad o utilidad para un objetivo concreto. Ayuntamiento de Gondomar excluye, en la medida permitida por la ley, cualquier responsabilidad por los da\u00f1os y perjuicios de cualquier naturaleza derivados, a t\u00edtulo enunciativo, de: errores u omisiones en los contenidos, falta de disponibilidad del Sitio Web, o la transmisi\u00f3n de virus o programas maliciosos o lesivos. en los contenidos. No obstante, Ayuntamiento de Gondomar declara que ha adoptado todas las medidas necesarias, dentro de sus posibilidades y del estado de la tecnolog\u00eda, para garantizar el funcionamiento del Sitio Web y evitar la existencia y transmisi\u00f3n de virus y otros componentes da\u00f1inos a los USUARIOS.<\/p>\n\n<p><br\/>6.2.- Concello de Gondomar no se responsabiliza del uso que el USUARIO haga de los servicios y contenidos del Sitio Web. El USUARIO reconoce y acepta que el uso del Sitio Web, as\u00ed como de sus servicios y contenidos, se realiza bajo su exclusivo riesgo y responsabilidad.<\/p>\n\n<p><br\/>6.3.- El USUARIO ser\u00e1 el \u00fanico responsable de las aportaciones y comentarios que realice en este Sitio Web, especialmente a trav\u00e9s de su Blog, reserv\u00e1ndose Ayuntamiento de Gondomar el derecho de retirar del mismo aquellos que, a su criterio, considere inadecuados y no haci\u00e9ndonos responsables. por los comentarios realizados en el mismo por los USUARIOS.<br\/> <br\/><strong>7. Enlaces<\/strong><\/p>\n\n<p><br\/>7.1.- En el caso de que en el Sitio Web se dispusiesen enlaces o hiperv\u00ednculos hac\u00eda otros sitios de Internet, Ayuntamiento de Gondomar no ejercer\u00e1 ning\u00fan control sobre dichos sitios y contenidos. En ning\u00fan caso el Ayuntamiento de Gondomar asumir\u00e1 responsabilidad alguna por los contenidos de los sitios web de terceros enlazados, ni garantizar\u00e1 la disponibilidad t\u00e9cnica, calidad, fiabilidad, exactitud, amplitud, veracidad, legalidad o validez de cualquier material o informaci\u00f3n contenida en cualquiera de dichos hiperv\u00ednculos u otros sitios de Internet. En este sentido, si los USUARIOS tuviesen conocimiento efectivo de la ilicitud de las actividades realizadas a trav\u00e9s de dichas p\u00e1ginas web de terceros enlazadas, deber\u00e1n comunicarlo inmediatamente al Ayuntamiento de Gondomar con el fin de inhabilitar el enlace de acceso a las mismas.<\/p>\n\n<p><br\/>7.2.- Igualmente, la inclusi\u00f3n de cualquier tipo de enlace por parte del Ayuntamiento de Gondomar hacia otros sitios de Internet no implica que exista cualquier tipo de relaci\u00f3n, asociaci\u00f3n, colaboraci\u00f3n o dependencia entre el Ayuntamiento de Gondomar y el titular del tercero. sitio web.<\/p>\n\n<ol class=\"wp-block-list\" start=\"8\">\n<li><strong>Derecho de exclusi\u00f3n<\/strong><\/li>\n<\/ol>\n\n<p><br\/>Concello de Gondomar se reserva el derecho a denegar o retirar el acceso a este Sitio Web y\/o a los contenidos y servicios ofrecidos en el mismo, sin necesidad de previo aviso, a aquellos USUARIOS que incumplan las presentes condiciones generales de uso o a personas f\u00edsicas que establezcan<\/p>\n\n<ol class=\"wp-block-list\" start=\"9\">\n<li><strong>Generalidades<\/strong><\/li>\n<\/ol>\n\n<p><br\/>9.1.- En caso de discrepancia entre lo establecido en estas condiciones generales de uso y las condiciones particulares de cada servicio espec\u00edfico, prevalecer\u00e1 lo dispuesto en estas \u00faltimas.<\/p>\n\n<p><br\/>9.2.- Si cualquier disposici\u00f3n o el contenido de este Aviso Legal fuera declarado nulo o inaplicable, en todo o en parte, mediante decisi\u00f3n firme de un Juzgado o Tribunal competente, dicha nulidad o inaplicabilidad no afectar\u00e1 a las restantes disposiciones de las condiciones de uso, que conservar\u00e1n su validez a todos los efectos.<\/p>\n\n<p><br\/>9.3.- El no ejercicio o ejecuci\u00f3n por parte del Ayuntamiento de Gondomar de cualquier derecho o disposici\u00f3n contenida en las presentes condiciones de uso no constituir\u00e1 una renuncia al mismo, salvo reconocimiento y acuerdo por escrito.<\/p>\n\n<p><br\/>9.4.- Ayuntamiento de Gondomar podr\u00e1 modificar total o parcialmente las condiciones aqu\u00ed determinadas en cualquier momento, siendo dichas modificaciones efectivas desde el momento en que se publiquen en este Sitio Web.  <\/p>\n\n<ol class=\"wp-block-list\" start=\"10\">\n<li><strong>  Ley aplicable y jurisdicci\u00f3n<\/strong><\/li>\n<\/ol>\n\n<p><br\/>Las relaciones establecidas entre el Ayuntamiento de Gondomar, como titular de este Sitio Web, y el USUARIO, se regir\u00e1n por lo dispuesto en la normativa vigente relativa a la legislaci\u00f3n aplicable y a la jurisdicci\u00f3n competente. No obstante, para los casos en los que la normativa prevea la posibilidad de que las partes se sometan a un fuero, el Municipio de Gondomar y el USUARIO, con renuncia expresa a cualquier otro fuero que pudiera corresponderles, se someten a los Juzgados y Tribunales que correspondan a la ciudad de Gondomar. .<\/p>\n","protected":false},"excerpt":{"rendered":"<p>En cumplimiento del deber de informaci\u00f3n establecido en el art\u00edculo 10 de la Ley 34\/2002, de Servicios de la Sociedad de la Informaci\u00f3n y de Comercio Electr\u00f3nico, le informamos que el titular del sitio web www.concellodegondomar.gal es el Ayuntamiento de Gondomar. Los datos identificativos y de contacto de los titulares del sitio web www.concellodegondomar.gal son [&hellip;]<\/p>\n","protected":false},"author":1,"featured_media":0,"parent":0,"menu_order":0,"comment_status":"closed","ping_status":"closed","template":"","meta":{"footnotes":""},"class_list":["post-3270","page","type-page","status-publish","hentry"],"_links":{"self":[{"href":"https:\/\/turismo.concellodegondomar.gal\/es\/wp-json\/wp\/v2\/pages\/3270","targetHints":{"allow":["GET"]}}],"collection":[{"href":"https:\/\/turismo.concellodegondomar.gal\/es\/wp-json\/wp\/v2\/pages"}],"about":[{"href":"https:\/\/turismo.concellodegondomar.gal\/es\/wp-json\/wp\/v2\/types\/page"}],"author":[{"embeddable":true,"href":"https:\/\/turismo.concellodegondomar.gal\/es\/wp-json\/wp\/v2\/users\/1"}],"replies":[{"embeddable":true,"href":"https:\/\/turismo.concellodegondomar.gal\/es\/wp-json\/wp\/v2\/comments?post=3270"}],"version-history":[{"count":0,"href":"https:\/\/turismo.concellodegondomar.gal\/es\/wp-json\/wp\/v2\/pages\/3270\/revisions"}],"wp:attachment":[{"href":"https:\/\/turismo.concellodegondomar.gal\/es\/wp-json\/wp\/v2\/media?parent=3270"}],"curies":[{"name":"wp","href":"https:\/\/api.w.org\/{rel}","templated":true}]}}