{"id":3241,"date":"2021-09-04T10:52:49","date_gmt":"2021-09-04T08:52:49","guid":{"rendered":"https:\/\/turismo.concellodegondomar.gal\/gondomar\/"},"modified":"2024-01-26T20:35:04","modified_gmt":"2024-01-26T19:35:04","slug":"gondomar","status":"publish","type":"page","link":"https:\/\/turismo.concellodegondomar.gal\/es\/gondomar\/","title":{"rendered":"Gondomar"},"content":{"rendered":"\t\t<div data-elementor-type=\"wp-page\" data-elementor-id=\"3241\" class=\"elementor elementor-3241 elementor-1361\">\n\t\t\t\t\t\t<section class=\"elementor-section elementor-top-section elementor-element elementor-element-18e5a66 elementor-section-full_width elementor-section-height-default elementor-section-height-default\" data-id=\"18e5a66\" data-element_type=\"section\" data-e-type=\"section\" data-settings=\"{&quot;background_background&quot;:&quot;classic&quot;}\">\n\t\t\t\t\t\t<div class=\"elementor-container elementor-column-gap-no\">\n\t\t\t\t\t<div class=\"elementor-column elementor-col-100 elementor-top-column elementor-element elementor-element-2546c2e\" data-id=\"2546c2e\" data-element_type=\"column\" data-e-type=\"column\">\n\t\t\t<div class=\"elementor-widget-wrap elementor-element-populated\">\n\t\t\t\t\t\t<div class=\"elementor-element elementor-element-5f8c1ed elementor-widget elementor-widget-heading\" data-id=\"5f8c1ed\" data-element_type=\"widget\" data-e-type=\"widget\" data-widget_type=\"heading.default\">\n\t\t\t\t<div class=\"elementor-widget-container\">\n\t\t\t\t\t<h2 class=\"elementor-heading-title elementor-size-default\">Gondomar<\/h2>\t\t\t\t<\/div>\n\t\t\t\t<\/div>\n\t\t\t\t\t<\/div>\n\t\t<\/div>\n\t\t\t\t\t<\/div>\n\t\t<\/section>\n\t\t\t\t<section class=\"elementor-section elementor-top-section elementor-element elementor-element-090d169 elementor-section-boxed elementor-section-height-default elementor-section-height-default\" data-id=\"090d169\" data-element_type=\"section\" data-e-type=\"section\">\n\t\t\t\t\t\t<div class=\"elementor-container elementor-column-gap-default\">\n\t\t\t\t\t<div class=\"elementor-column elementor-col-100 elementor-top-column elementor-element elementor-element-455690a\" data-id=\"455690a\" data-element_type=\"column\" data-e-type=\"column\">\n\t\t\t<div class=\"elementor-widget-wrap elementor-element-populated\">\n\t\t\t\t\t\t<section class=\"elementor-section elementor-inner-section elementor-element elementor-element-f7dd717 elementor-section-boxed elementor-section-height-default elementor-section-height-default\" data-id=\"f7dd717\" data-element_type=\"section\" data-e-type=\"section\">\n\t\t\t\t\t\t<div class=\"elementor-container elementor-column-gap-no\">\n\t\t\t\t\t<div class=\"elementor-column elementor-col-100 elementor-inner-column elementor-element elementor-element-a0e4222\" data-id=\"a0e4222\" data-element_type=\"column\" data-e-type=\"column\">\n\t\t\t<div class=\"elementor-widget-wrap elementor-element-populated\">\n\t\t\t\t\t\t<div class=\"elementor-element elementor-element-8dda439 elementor-widget elementor-widget-heading\" data-id=\"8dda439\" data-element_type=\"widget\" data-e-type=\"widget\" data-widget_type=\"heading.default\">\n\t\t\t\t<div class=\"elementor-widget-container\">\n\t\t\t\t\t<h2 class=\"elementor-heading-title elementor-size-default\">La Villa de Gondomar<\/h2>\t\t\t\t<\/div>\n\t\t\t\t<\/div>\n\t\t\t\t<div class=\"elementor-element elementor-element-d475515 elementor-widget elementor-widget-text-editor\" data-id=\"d475515\" data-element_type=\"widget\" data-e-type=\"widget\" data-widget_type=\"text-editor.default\">\n\t\t\t\t<div class=\"elementor-widget-container\">\n\t\t\t\t\t\t\t\t\t<p>El top\u00f3nimo de Gondomar tiene un origen germ\u00e1nico -siglo VII- en un militar llamado Gundemaro que ejerc\u00eda su poder en la Villa Condal.<\/p>\n\t\t\t\t\t\t\t\t<\/div>\n\t\t\t\t<\/div>\n\t\t\t\t\t<\/div>\n\t\t<\/div>\n\t\t\t\t\t<\/div>\n\t\t<\/section>\n\t\t\t\t\t<\/div>\n\t\t<\/div>\n\t\t\t\t\t<\/div>\n\t\t<\/section>\n\t\t\t\t<section class=\"elementor-section elementor-top-section elementor-element elementor-element-3f98e49 elementor-section-boxed elementor-section-height-default elementor-section-height-default\" data-id=\"3f98e49\" data-element_type=\"section\" data-e-type=\"section\">\n\t\t\t\t\t\t<div class=\"elementor-container elementor-column-gap-default\">\n\t\t\t\t\t<div class=\"elementor-column elementor-col-50 elementor-top-column elementor-element elementor-element-4499a2d\" data-id=\"4499a2d\" data-element_type=\"column\" data-e-type=\"column\">\n\t\t\t<div class=\"elementor-widget-wrap elementor-element-populated\">\n\t\t\t\t\t\t<div class=\"elementor-element elementor-element-916eed2 elementor-widget elementor-widget-google_maps\" data-id=\"916eed2\" data-element_type=\"widget\" data-e-type=\"widget\" data-widget_type=\"google_maps.default\">\n\t\t\t\t<div class=\"elementor-widget-container\">\n\t\t\t\t\t\t\t<div class=\"elementor-custom-embed\">\n\t\t\t<iframe loading=\"lazy\"\n\t\t\t\t\tsrc=\"https:\/\/maps.google.com\/maps?q=Gondomar&#038;t=m&#038;z=10&#038;output=embed&#038;iwloc=near\"\n\t\t\t\t\ttitle=\"Gondomar\"\n\t\t\t\t\taria-label=\"Gondomar\"\n\t\t\t><\/iframe>\n\t\t<\/div>\n\t\t\t\t\t\t<\/div>\n\t\t\t\t<\/div>\n\t\t\t\t\t<\/div>\n\t\t<\/div>\n\t\t\t\t<div class=\"elementor-column elementor-col-50 elementor-top-column elementor-element elementor-element-edaf3d1\" data-id=\"edaf3d1\" data-element_type=\"column\" data-e-type=\"column\">\n\t\t\t<div class=\"elementor-widget-wrap elementor-element-populated\">\n\t\t\t\t\t\t<div class=\"elementor-element elementor-element-be082c9 elementor-drop-cap-yes elementor-drop-cap-view-default elementor-widget elementor-widget-text-editor\" data-id=\"be082c9\" data-element_type=\"widget\" data-e-type=\"widget\" data-settings=\"{&quot;drop_cap&quot;:&quot;yes&quot;}\" data-widget_type=\"text-editor.default\">\n\t\t\t\t<div class=\"elementor-widget-container\">\n\t\t\t\t\t\t\t\t\t<p>&nbsp;Anteriormente, este territorio perteneci\u00f3 a las llamadas tierras de Turonio, situadas en las R\u00edas Baixas y tierras del Obispo de Tui, donde desembarcaron all\u00ed los suevos por la SV. Marcado por el recinto fortificado del Pazo do Conde y sus tierras, cuyo El primer se\u00f1or hab\u00eda sido  <b>Don Diego Sarmiento de Acu\u00f1a.<\/b>  (1567-1626). Ser\u00e1 en el a\u00f1o 1836 cuando Gondomar, separ\u00e1ndose de la regencia del <b>Conde de Gondomar<\/b> , constituya su autonom\u00eda municipal con la divisi\u00f3n territorial de las actuales parroquias: Borreiros, Cha\u00edn, Couso, Donas, Ma\u00f1ufe, Morgad\u00e1ns, Peitieiros, Vilaza, Vincios y el propio Gondomar.<\/p>\n<p>Actualmente, Gondomar, en pleno coraz\u00f3n de <strong>Val Mi\u00f1or<\/strong> , ofrece un magn\u00edfico entorno natural y un rico patrimonio en sus m\u00e1s de 75 km2.<\/p>\n<p>Su situaci\u00f3n estrat\u00e9gica al sur de las R\u00edas Baixas, a pocos kil\u00f3metros de Vigo, frontera natural con Portugal y las playas, as\u00ed como su amplia oferta cultural y de ocio durante todo el a\u00f1o hacen de nuestro municipio un destino ideal.<\/p>\t\t\t\t\t\t\t\t<\/div>\n\t\t\t\t<\/div>\n\t\t\t\t\t<\/div>\n\t\t<\/div>\n\t\t\t\t\t<\/div>\n\t\t<\/section>\n\t\t\t\t<section class=\"elementor-section elementor-top-section elementor-element elementor-element-da9a8f7 elementor-section-boxed elementor-section-height-default elementor-section-height-default\" data-id=\"da9a8f7\" data-element_type=\"section\" data-e-type=\"section\">\n\t\t\t\t\t\t<div class=\"elementor-container elementor-column-gap-default\">\n\t\t\t\t\t<div class=\"elementor-column elementor-col-100 elementor-top-column elementor-element elementor-element-7f8c331\" data-id=\"7f8c331\" data-element_type=\"column\" data-e-type=\"column\">\n\t\t\t<div class=\"elementor-widget-wrap elementor-element-populated\">\n\t\t\t\t\t\t<div class=\"elementor-element elementor-element-fb143ae elementor-widget elementor-widget-video\" data-id=\"fb143ae\" data-element_type=\"widget\" data-e-type=\"widget\" data-settings=\"{&quot;youtube_url&quot;:&quot;https:\\\/\\\/www.youtube.com\\\/watch?v=IOP1PUasLS8&quot;,&quot;video_type&quot;:&quot;youtube&quot;,&quot;controls&quot;:&quot;yes&quot;}\" data-widget_type=\"video.default\">\n\t\t\t\t<div class=\"elementor-widget-container\">\n\t\t\t\t\t\t\t<div class=\"elementor-wrapper elementor-open-inline\">\n\t\t\t<div class=\"elementor-video\"><\/div>\t\t<\/div>\n\t\t\t\t\t\t<\/div>\n\t\t\t\t<\/div>\n\t\t\t\t\t<\/div>\n\t\t<\/div>\n\t\t\t\t\t<\/div>\n\t\t<\/section>\n\t\t\t\t<\/div>\n\t\t","protected":false},"excerpt":{"rendered":"<p>Gondomar La Villa de Gondomar El top\u00f3nimo de Gondomar tiene un origen germ\u00e1nico -siglo VII- en un militar llamado Gundemaro que ejerc\u00eda su poder en la Villa Condal. &nbsp;Anteriormente, este territorio perteneci\u00f3 a las llamadas tierras de Turonio, situadas en las R\u00edas Baixas y tierras del Obispo de Tui, donde desembarcaron all\u00ed los suevos por [&hellip;]<\/p>\n","protected":false},"author":1,"featured_media":0,"parent":0,"menu_order":0,"comment_status":"closed","ping_status":"closed","template":"elementor_header_footer","meta":{"footnotes":""},"class_list":["post-3241","page","type-page","status-publish","hentry"],"_links":{"self":[{"href":"https:\/\/turismo.concellodegondomar.gal\/es\/wp-json\/wp\/v2\/pages\/3241","targetHints":{"allow":["GET"]}}],"collection":[{"href":"https:\/\/turismo.concellodegondomar.gal\/es\/wp-json\/wp\/v2\/pages"}],"about":[{"href":"https:\/\/turismo.concellodegondomar.gal\/es\/wp-json\/wp\/v2\/types\/page"}],"author":[{"embeddable":true,"href":"https:\/\/turismo.concellodegondomar.gal\/es\/wp-json\/wp\/v2\/users\/1"}],"replies":[{"embeddable":true,"href":"https:\/\/turismo.concellodegondomar.gal\/es\/wp-json\/wp\/v2\/comments?post=3241"}],"version-history":[{"count":0,"href":"https:\/\/turismo.concellodegondomar.gal\/es\/wp-json\/wp\/v2\/pages\/3241\/revisions"}],"wp:attachment":[{"href":"https:\/\/turismo.concellodegondomar.gal\/es\/wp-json\/wp\/v2\/media?parent=3241"}],"curies":[{"name":"wp","href":"https:\/\/api.w.org\/{rel}","templated":true}]}}